{"id":15,"date":"2025-01-02T13:44:20","date_gmt":"2025-01-02T13:44:20","guid":{"rendered":"https:\/\/newtrade.mx\/?page_id=15"},"modified":"2025-01-02T18:54:07","modified_gmt":"2025-01-02T18:54:07","slug":"acerca-de","status":"publish","type":"page","link":"https:\/\/newtrade.mx\/index.php\/acerca-de\/","title":{"rendered":"Nuestra Empresa"},"content":{"rendered":"<div class=\"wpb-content-wrapper\"><p>[vc_row][vc_column width=&#8221;1\/4&#8243;][vc_column_text css=&#8221;&#8221;]<\/p>\n<h3 class=\"vc_custom_heading titulo-side\">Conoce m\u00e1s de nosotros<\/h3>\n<p>[\/vc_column_text][vc_separator color=&#8221;sky&#8221; align=&#8221;align_left&#8221; style=&#8221;double&#8221; border_width=&#8221;6&#8243; el_width=&#8221;50&#8243; css=&#8221;&#8221;][\/vc_column][vc_column width=&#8221;3\/4&#8243;][vc_single_image image=&#8221;67&#8243; img_size=&#8221;full&#8221; alignment=&#8221;center&#8221; css=&#8221;&#8221;][vc_column_text css=&#8221;&#8221;]<\/p>\n<div class=\"wpb_text_column wpb_content_element \">\n<div class=\"wpb_wrapper\">\n<p><strong>New Trade<\/strong>\u00a0nace en el a\u00f1o 2001, con el objetivo de dar soluciones log\u00edsticas y de infraestructura innovadoras al mundo del retail en Latinoam\u00e9rica. Desde entonces, hemos mejorado significativamente la relaci\u00f3n precio-calidad, creando nuevos est\u00e1ndares de eficiencia en la industria. As\u00ed generamos nuevas posibilidades para nuestros clientes, entregando un trabajo profesional y comprometido con sus planes de desarrollo.<\/p>\n<\/div>\n<\/div>\n<div class=\"wpb_text_column wpb_content_element \">\n<div class=\"wpb_wrapper\">\n<p>Somos representantes exclusivos de BUNKAR y BKR, empresas l\u00edderes en Asia en productos de log\u00edstica, carros y otras soluciones de infraestructura para supermercados.<\/p>\n<p>New Trade ha sido un significativo aporte en el plano del desarrollo y la investigaci\u00f3n, lo que ha beneficiado en t\u00e9rminos de implementaci\u00f3n log\u00edstica, a las m\u00e1s grandes cadenas de supermercados de Chile, Per\u00fa, Colombia y M\u00e9xico.<\/p>\n<\/div>\n<\/div>\n<div class=\"wpb_text_column wpb_content_element \">\n<div class=\"wpb_wrapper\">\n<h3><strong>MISI\u00d3N<\/strong><\/h3>\n<p>En\u00a0<strong>New Trade<\/strong>\u00a0nos dedicamos a contribuir al desarrollo de nuestros clientes, proveedores y colaboradores, creando soluciones innovadores y productos de calidad. Nuestro compromiso es a largo plazo, con bases en el crecimiento mutuo y en una gesti\u00f3n responsable y creativa.<\/p>\n<\/div>\n<\/div>\n<div class=\"wpb_text_column wpb_content_element \">\n<div class=\"wpb_wrapper\">\n<h3><strong>VISI\u00d3N<\/strong><\/h3>\n<p>Ser l\u00edderes de am\u00e9rica latina en soluciones para retail, log\u00edstica y centros de distribuci\u00f3n.<\/p>\n<\/div>\n<\/div>\n<p>[\/vc_column_text][\/vc_column][\/vc_row]<\/p>\n<\/div>","protected":false},"excerpt":{"rendered":"<p>[vc_row][vc_column width=&#8221;1\/4&#8243;][vc_column_text css=&#8221;&#8221;] Conoce m\u00e1s de nosotros [\/vc_column_text][vc_separator color=&#8221;sky&#8221; align=&#8221;align_left&#8221; style=&#8221;double&#8221; border_width=&#8221;6&#8243; el_width=&#8221;50&#8243; css=&#8221;&#8221;][\/vc_column][vc_column width=&#8221;3\/4&#8243;][vc_single_image image=&#8221;67&#8243; img_size=&#8221;full&#8221; alignment=&#8221;center&#8221; css=&#8221;&#8221;][vc_column_text css=&#8221;&#8221;] New Trade\u00a0nace en el a\u00f1o 2001, con el objetivo de dar soluciones log\u00edsticas y de infraestructura innovadoras al mundo del retail en Latinoam\u00e9rica. Desde entonces, hemos mejorado significativamente la relaci\u00f3n precio-calidad, creando nuevos est\u00e1ndares de [&hellip;]<\/p>\n","protected":false},"author":1,"featured_media":0,"parent":0,"menu_order":0,"comment_status":"closed","ping_status":"closed","template":"","meta":{"footnotes":""},"class_list":["post-15","page","type-page","status-publish","hentry","travel-monster-post","no-post-thumbnail","latest_post"],"_links":{"self":[{"href":"https:\/\/newtrade.mx\/index.php\/wp-json\/wp\/v2\/pages\/15","targetHints":{"allow":["GET"]}}],"collection":[{"href":"https:\/\/newtrade.mx\/index.php\/wp-json\/wp\/v2\/pages"}],"about":[{"href":"https:\/\/newtrade.mx\/index.php\/wp-json\/wp\/v2\/types\/page"}],"author":[{"embeddable":true,"href":"https:\/\/newtrade.mx\/index.php\/wp-json\/wp\/v2\/users\/1"}],"replies":[{"embeddable":true,"href":"https:\/\/newtrade.mx\/index.php\/wp-json\/wp\/v2\/comments?post=15"}],"version-history":[{"count":6,"href":"https:\/\/newtrade.mx\/index.php\/wp-json\/wp\/v2\/pages\/15\/revisions"}],"predecessor-version":[{"id":112,"href":"https:\/\/newtrade.mx\/index.php\/wp-json\/wp\/v2\/pages\/15\/revisions\/112"}],"wp:attachment":[{"href":"https:\/\/newtrade.mx\/index.php\/wp-json\/wp\/v2\/media?parent=15"}],"curies":[{"name":"wp","href":"https:\/\/api.w.org\/{rel}","templated":true}]}}