{"id":14,"date":"2025-01-02T13:44:20","date_gmt":"2025-01-02T13:44:20","guid":{"rendered":"https:\/\/newtrade.mx\/?page_id=14"},"modified":"2025-01-09T16:23:12","modified_gmt":"2025-01-09T16:23:12","slug":"home","status":"publish","type":"page","link":"https:\/\/newtrade.mx\/","title":{"rendered":""},"content":{"rendered":"<div class=\"wpb-content-wrapper\"><p>[vc_row][vc_column][vc_single_image image=&#8221;118&#8243; img_size=&#8221;full&#8221; alignment=&#8221;center&#8221; onclick=&#8221;custom_link&#8221; img_link_target=&#8221;_blank&#8221; css_animation=&#8221;none&#8221; css=&#8221;&#8221; link=&#8221;http:\/\/www.newtrade.cl&#8221;][vc_column_text css=&#8221;&#8221;]<\/p>\n<h1 style=\"text-align: center;\">Divisiones de Negocio<\/h1>\n<p>[\/vc_column_text][vc_separator color=&#8221;sky&#8221; border_width=&#8221;6&#8243; el_width=&#8221;20&#8243; css_animation=&#8221;none&#8221; css=&#8221;&#8221;][vc_column_text css=&#8221;&#8221;]<\/p>\n<p style=\"text-align: center;\">En New Trade creamos soluciones a la medida para\u00a0todos sus proyectos con garant\u00eda de resistencia y durabilidad en el tiempo.<\/p>\n<p>[\/vc_column_text][\/vc_column][\/vc_row][vc_row][vc_column width=&#8221;1\/4&#8243;][vc_single_image image=&#8221;88&#8243; img_size=&#8221;full&#8221; alignment=&#8221;center&#8221; style=&#8221;vc_box_outline&#8221; onclick=&#8221;custom_link&#8221; img_link_target=&#8221;_blank&#8221; css=&#8221;&#8221; link=&#8221;https:\/\/www.newtrade.cl\/lineas-de-carro-para-supermercado\/&#8221;][vc_message icon_fontawesome=&#8221;fas fa-caret-square-right&#8221; css=&#8221;&#8221;]<a href=\"https:\/\/www.newtrade.cl\/lineas-de-carro-para-supermercado\/\" target=\"_blank\" rel=\"noopener\"><strong>Divisi\u00f3n Carros para Supermercado y Log\u00edstica<\/strong><\/a>[\/vc_message][\/vc_column][vc_column width=&#8221;1\/4&#8243;][vc_single_image image=&#8221;90&#8243; img_size=&#8221;full&#8221; alignment=&#8221;center&#8221; style=&#8221;vc_box_outline&#8221; onclick=&#8221;custom_link&#8221; img_link_target=&#8221;_blank&#8221; css=&#8221;&#8221; link=&#8221;https:\/\/www.newtrade.cl\/racks-y-estanterias\/&#8221;][vc_message icon_fontawesome=&#8221;fas fa-caret-square-right&#8221; css=&#8221;&#8221;]<a href=\"https:\/\/www.newtrade.cl\/racks-y-estanterias\/\" target=\"_blank\" rel=\"noopener\"><strong>Divisi\u00f3n Rack y Sistemas de Almacenaje<\/strong><\/a>[\/vc_message][\/vc_column][vc_column width=&#8221;1\/4&#8243;][vc_single_image image=&#8221;89&#8243; img_size=&#8221;full&#8221; alignment=&#8221;center&#8221; style=&#8221;vc_box_outline&#8221; onclick=&#8221;custom_link&#8221; img_link_target=&#8221;_blank&#8221; css=&#8221;&#8221; link=&#8221;https:\/\/www.newtrade.cl\/gondolas-y-estanterias\/&#8221;][vc_message icon_fontawesome=&#8221;fas fa-caret-square-right&#8221; css=&#8221;&#8221;]<a href=\"https:\/\/www.newtrade.cl\/gondolas-y-estanterias\/\" target=\"_blank\" rel=\"noopener\"><strong>Divisi\u00f3n G\u00f3ndolas y Estanter\u00edas<\/strong><\/a>[\/vc_message][\/vc_column][vc_column width=&#8221;1\/4&#8243;][vc_single_image image=&#8221;91&#8243; img_size=&#8221;full&#8221; alignment=&#8221;center&#8221; style=&#8221;vc_box_outline&#8221; onclick=&#8221;custom_link&#8221; img_link_target=&#8221;_blank&#8221; css=&#8221;&#8221; link=&#8221;https:\/\/www.newtrade.cl\/check-outs-linea-de-caja\/&#8221;][vc_message icon_fontawesome=&#8221;fas fa-caret-square-right&#8221; css=&#8221;&#8221;]<a href=\"https:\/\/www.newtrade.cl\/check-outs-linea-de-caja\/\" target=\"_blank\" rel=\"noopener\"><strong>Divisi\u00f3n Check Out y Sistemas de Caja<\/strong><\/a>[\/vc_message][\/vc_column][\/vc_row][vc_row][vc_column][\/vc_column][\/vc_row]<\/p>\n<\/div>","protected":false},"excerpt":{"rendered":"<p>[vc_row][vc_column][vc_single_image image=&#8221;118&#8243; img_size=&#8221;full&#8221; alignment=&#8221;center&#8221; onclick=&#8221;custom_link&#8221; img_link_target=&#8221;_blank&#8221; css_animation=&#8221;none&#8221; css=&#8221;&#8221; link=&#8221;http:\/\/www.newtrade.cl&#8221;][vc_column_text css=&#8221;&#8221;] Divisiones de Negocio [\/vc_column_text][vc_separator color=&#8221;sky&#8221; border_width=&#8221;6&#8243; el_width=&#8221;20&#8243; css_animation=&#8221;none&#8221; css=&#8221;&#8221;][vc_column_text css=&#8221;&#8221;] En New Trade creamos soluciones a la medida para\u00a0todos sus proyectos con garant\u00eda de resistencia y durabilidad en el tiempo. [\/vc_column_text][\/vc_column][\/vc_row][vc_row][vc_column width=&#8221;1\/4&#8243;][vc_single_image image=&#8221;88&#8243; img_size=&#8221;full&#8221; alignment=&#8221;center&#8221; style=&#8221;vc_box_outline&#8221; onclick=&#8221;custom_link&#8221; img_link_target=&#8221;_blank&#8221; css=&#8221;&#8221; link=&#8221;https:\/\/www.newtrade.cl\/lineas-de-carro-para-supermercado\/&#8221;][vc_message icon_fontawesome=&#8221;fas fa-caret-square-right&#8221; css=&#8221;&#8221;]Divisi\u00f3n Carros para [&hellip;]<\/p>\n","protected":false},"author":1,"featured_media":0,"parent":0,"menu_order":0,"comment_status":"closed","ping_status":"closed","template":"","meta":{"footnotes":""},"class_list":["post-14","page","type-page","status-publish","hentry","travel-monster-post","no-post-thumbnail","latest_post"],"_links":{"self":[{"href":"https:\/\/newtrade.mx\/index.php\/wp-json\/wp\/v2\/pages\/14","targetHints":{"allow":["GET"]}}],"collection":[{"href":"https:\/\/newtrade.mx\/index.php\/wp-json\/wp\/v2\/pages"}],"about":[{"href":"https:\/\/newtrade.mx\/index.php\/wp-json\/wp\/v2\/types\/page"}],"author":[{"embeddable":true,"href":"https:\/\/newtrade.mx\/index.php\/wp-json\/wp\/v2\/users\/1"}],"replies":[{"embeddable":true,"href":"https:\/\/newtrade.mx\/index.php\/wp-json\/wp\/v2\/comments?post=14"}],"version-history":[{"count":32,"href":"https:\/\/newtrade.mx\/index.php\/wp-json\/wp\/v2\/pages\/14\/revisions"}],"predecessor-version":[{"id":123,"href":"https:\/\/newtrade.mx\/index.php\/wp-json\/wp\/v2\/pages\/14\/revisions\/123"}],"wp:attachment":[{"href":"https:\/\/newtrade.mx\/index.php\/wp-json\/wp\/v2\/media?parent=14"}],"curies":[{"name":"wp","href":"https:\/\/api.w.org\/{rel}","templated":true}]}}